{"id":101,"date":"2023-02-07T12:50:53","date_gmt":"2023-02-07T11:50:53","guid":{"rendered":"https:\/\/naturns.com\/?page_id=101"},"modified":"2024-03-18T10:39:49","modified_gmt":"2024-03-18T09:39:49","slug":"imprint","status":"publish","type":"page","link":"https:\/\/naturns.com\/en\/impressum\/","title":{"rendered":"Imprint"},"content":{"rendered":"<p>[et_pb_section fb_built=&#8220;1&#8243; _builder_version=&#8220;4.19.5&#8243; _module_preset=&#8220;default&#8220; background_color=&#8220;#F5B318&#8243; global_colors_info=&#8220;{}&#8220;][et_pb_row _builder_version=&#8220;4.19.5&#8243; _module_preset=&#8220;default&#8220; global_colors_info=&#8220;{}&#8220;][et_pb_column type=&#8220;4_4&#8243; _builder_version=&#8220;4.19.5&#8243; _module_preset=&#8220;default&#8220; global_colors_info=&#8220;{}&#8220;][et_pb_text _builder_version=&#8220;4.19.5&#8243; _module_preset=&#8220;default&#8220; header_font_size=&#8220;40px&#8220; background_color=&#8220;#F5B318&#8243; header_font_size_tablet=&#8220;40px&#8220; header_font_size_phone=&#8220;30px&#8220; header_font_size_last_edited=&#8220;on|desktop&#8220; global_colors_info=&#8220;{}&#8220;]<\/p>\n<h1>Impressum<\/h1>\n<p>[\/et_pb_text][\/et_pb_column][\/et_pb_row][\/et_pb_section][et_pb_section fb_built=&#8220;1&#8243; _builder_version=&#8220;4.19.5&#8243; _module_preset=&#8220;default&#8220; global_colors_info=&#8220;{}&#8220;][et_pb_row _builder_version=&#8220;4.19.5&#8243; _module_preset=&#8220;default&#8220; global_colors_info=&#8220;{}&#8220;][et_pb_column type=&#8220;4_4&#8243; _builder_version=&#8220;4.19.5&#8243; _module_preset=&#8220;default&#8220; global_colors_info=&#8220;{}&#8220;][et_pb_text _builder_version=&#8220;4.24.2&#8243; _module_preset=&#8220;default&#8220; hover_enabled=&#8220;0&#8243; global_colors_info=&#8220;{}&#8220; sticky_enabled=&#8220;0&#8243;]<\/p>\n<h2>Herausgeber<\/h2>\n<p><strong>Karlheinz Gamper<\/strong><br \/>Lidostr. 14<br \/>I \u2013 39025 Naturns (BZ)<br \/>St.Nr.: GMPKLH60JH27F849V<\/p>\n<p>Telefon: (+39) 0473 476 000<br \/>E-Mail:\u00a0<a href=\"mailto:info@naturns.com\">info@naturns.com<\/a><\/p>\n<hr class=\"wp-block-separator\" \/>\n<p><strong>Bildquellen<\/strong><br \/>Fotos: naturns.com<br \/>Video: naturns.com<\/p>\n<p><b>Webdesign<br \/><\/b>Angelika Sch\u00f6nweger | Naturns<br \/><a href=\"https:\/\/suedtiroldesign.com\/\" target=\"_blank\" rel=\"noopener\">www.suedtiroldesign.com<\/a><\/p>\n<p><strong>Haftungsausschluss<br \/><\/strong>Trotz sorgf\u00e4ltiger \u00dcberpr\u00fcfung auf Richtigkeit und Vollst\u00e4ndigkeit der Inhalte und Informationen auf dieser Website \u00fcbernehmen wir keine Haftung oder Garantie derselben. Wir behalten uns das Recht vor, ohne vorherige Ank\u00fcndigung Aktualisierungen, \u00c4nderungen oder Erg\u00e4nzungen der bereitgestellten Informationen vorzunehmen. F\u00fcr den Inhalt externer Links und im Allgemeinen der verlinkten Seiten sind ausschlie\u00dflich deren Betreiber verantwortlich.<\/p>\n<p>[\/et_pb_text][\/et_pb_column][\/et_pb_row][\/et_pb_section]<\/p>\n","protected":false},"excerpt":{"rendered":"<p>ImpressumHerausgeber Karlheinz GamperLidostr. 14I \u2013 39025 Naturns (BZ)St.Nr.: GMPKLH60JH27F849V Telefon: (+39) 0473 476 000E-Mail:\u00a0info@naturns.com BildquellenFotos: naturns.comVideo: naturns.com WebdesignAngelika Sch\u00f6nweger | Naturnswww.suedtiroldesign.com HaftungsausschlussTrotz sorgf\u00e4ltiger \u00dcberpr\u00fcfung auf Richtigkeit und Vollst\u00e4ndigkeit der Inhalte und Informationen auf dieser Website \u00fcbernehmen wir keine Haftung oder Garantie derselben. Wir behalten uns das Recht vor, ohne vorherige Ank\u00fcndigung Aktualisierungen, \u00c4nderungen oder Erg\u00e4nzungen [&hellip;]<\/p>\n","protected":false},"author":1,"featured_media":0,"parent":0,"menu_order":5,"comment_status":"closed","ping_status":"closed","template":"","meta":{"_et_pb_use_builder":"on","_et_pb_old_content":"","_et_gb_content_width":"","_monsterinsights_skip_tracking":false,"_monsterinsights_sitenote_active":false,"_monsterinsights_sitenote_note":"","_monsterinsights_sitenote_category":0,"iawp_total_views":145,"footnotes":""},"class_list":["post-101","page","type-page","status-publish","hentry"],"_links":{"self":[{"href":"https:\/\/naturns.com\/en\/wp-json\/wp\/v2\/pages\/101","targetHints":{"allow":["GET"]}}],"collection":[{"href":"https:\/\/naturns.com\/en\/wp-json\/wp\/v2\/pages"}],"about":[{"href":"https:\/\/naturns.com\/en\/wp-json\/wp\/v2\/types\/page"}],"author":[{"embeddable":true,"href":"https:\/\/naturns.com\/en\/wp-json\/wp\/v2\/users\/1"}],"replies":[{"embeddable":true,"href":"https:\/\/naturns.com\/en\/wp-json\/wp\/v2\/comments?post=101"}],"version-history":[{"count":7,"href":"https:\/\/naturns.com\/en\/wp-json\/wp\/v2\/pages\/101\/revisions"}],"predecessor-version":[{"id":740,"href":"https:\/\/naturns.com\/en\/wp-json\/wp\/v2\/pages\/101\/revisions\/740"}],"wp:attachment":[{"href":"https:\/\/naturns.com\/en\/wp-json\/wp\/v2\/media?parent=101"}],"curies":[{"name":"wp","href":"https:\/\/api.w.org\/{rel}","templated":true}]}}